{"id":183,"date":"2017-11-17T13:16:25","date_gmt":"2017-11-17T12:16:25","guid":{"rendered":"http:\/\/dieteticien-bordeaux.fr\/?page_id=183"},"modified":"2025-10-14T16:43:08","modified_gmt":"2025-10-14T14:43:08","slug":"offre-de-bienvenue","status":"publish","type":"page","link":"https:\/\/dieteticien-bordeaux.fr\/?page_id=183","title":{"rendered":"Offre de Bienvenue"},"content":{"rendered":"<p>Offre de Bienvenue: 140\u20ac<\/p>\n<p>En optant pour cette offre vous b\u00e9n\u00e9ficiez d&rsquo;un <a href=\"http:\/\/dieteticien-bordeaux.fr\/?page_id=43\" target=\"_blank\" rel=\"noopener noreferrer\">bilan nutritionnel<\/a> complet et de deux consultations de <a href=\"http:\/\/dieteticien-bordeaux.fr\/?page_id=67\" target=\"_blank\" rel=\"noopener noreferrer\">suivi nutritionnel<\/a>. Vous b\u00e9n\u00e9ficiez ainsi de 15\u20ac de r\u00e9duction.<\/p>\n<p><em>A raison d&rsquo;une consultation tous les 15 jours.\u00a0\u00a0<\/em><\/p>\n","protected":false},"excerpt":{"rendered":"<p>Offre de Bienvenue: 140\u20ac En optant pour cette offre vous b\u00e9n\u00e9ficiez d&rsquo;un bilan nutritionnel complet et de deux consultations de suivi nutritionnel. Vous b\u00e9n\u00e9ficiez ainsi de 15\u20ac de r\u00e9duction. A raison d&rsquo;une consultation tous les 15 jours.\u00a0\u00a0<\/p>\n","protected":false},"author":1,"featured_media":0,"parent":0,"menu_order":0,"comment_status":"closed","ping_status":"closed","template":"","meta":{"footnotes":""},"_links":{"self":[{"href":"https:\/\/dieteticien-bordeaux.fr\/index.php?rest_route=\/wp\/v2\/pages\/183"}],"collection":[{"href":"https:\/\/dieteticien-bordeaux.fr\/index.php?rest_route=\/wp\/v2\/pages"}],"about":[{"href":"https:\/\/dieteticien-bordeaux.fr\/index.php?rest_route=\/wp\/v2\/types\/page"}],"author":[{"embeddable":true,"href":"https:\/\/dieteticien-bordeaux.fr\/index.php?rest_route=\/wp\/v2\/users\/1"}],"replies":[{"embeddable":true,"href":"https:\/\/dieteticien-bordeaux.fr\/index.php?rest_route=%2Fwp%2Fv2%2Fcomments&post=183"}],"version-history":[{"count":7,"href":"https:\/\/dieteticien-bordeaux.fr\/index.php?rest_route=\/wp\/v2\/pages\/183\/revisions"}],"predecessor-version":[{"id":515,"href":"https:\/\/dieteticien-bordeaux.fr\/index.php?rest_route=\/wp\/v2\/pages\/183\/revisions\/515"}],"wp:attachment":[{"href":"https:\/\/dieteticien-bordeaux.fr\/index.php?rest_route=%2Fwp%2Fv2%2Fmedia&parent=183"}],"curies":[{"name":"wp","href":"https:\/\/api.w.org\/{rel}","templated":true}]}}