{"id":299,"date":"2018-02-18T21:23:47","date_gmt":"2018-02-18T20:23:47","guid":{"rendered":"http:\/\/dieteticien-bordeaux.fr\/?page_id=299"},"modified":"2025-06-02T15:19:46","modified_gmt":"2025-06-02T13:19:46","slug":"consultations-en-ligne","status":"publish","type":"page","link":"https:\/\/dieteticien-bordeaux.fr\/?page_id=299","title":{"rendered":"Consultations EN LIGNE"},"content":{"rendered":"<p style=\"text-align: justify;\">Bonjour,<\/p>\n<p style=\"text-align: justify;\">Je vous propose de vous suivre sur le plan <strong>nutritionnel et\/ou micronutritionnel o\u00f9 que vous soyez<\/strong>!<\/p>\n<p style=\"text-align: justify;\">Vous ne pouvez pas vous d\u00e9placer, vous \u00eates \u00e0 l&rsquo;\u00e9tranger <strong>ou vous avez un emp\u00eachement de derni\u00e8re minute<\/strong>?&#8230;<\/p>\n<p style=\"text-align: justify;\">Aujourd&rsquo;hui je viens \u00e0 vous!<\/p>\n<p style=\"text-align: justify;\">Vous pouvez ainsi rester chez vous, faire votre consultation depuis votre bureau ou m&#8217;emmenez avec vous en vacances!<em> Je rigole&#8230;<\/em><\/p>\n<p style=\"text-align: justify;\"><strong><span style=\"color: #993366;\">Les consultations se d\u00e9roulent de la m\u00eame fa\u00e7on qu&rsquo;en cabinet.<\/span><\/strong><\/p>\n<p style=\"text-align: justify;\">Je vous demande simplement de<span style=\"color: #993366;\"> r\u00e9gler en ligne au moins 48h avant le rendez-vous. <\/span><\/p>\n<p><span style=\"text-decoration: underline;\"><strong><span style=\"color: #993366; text-decoration: underline;\">Comment r\u00e9gler la consultation?<\/span> <\/strong><\/span><\/p>\n<p><span style=\"color: #993366;\">Envoyez-moi un mail sur <strong>sarahottonelli14@gmail.com<\/strong><\/span>, avec votre demande et vos coordonn\u00e9es, je vous donne toutes les informations.<\/p>\n<p style=\"text-align: justify;\">Nous pouvons r\u00e9aliser les consultations via<strong> WhatsApp, Madietenligne (visio) ou t\u00e9l\u00e9phone&#8230;<\/strong><\/p>\n<p style=\"text-align: right;\">A bient\u00f4t!<\/p>\n","protected":false},"excerpt":{"rendered":"<p>Bonjour, Je vous propose de vous suivre sur le plan nutritionnel et\/ou micronutritionnel o\u00f9 que vous soyez! Vous ne pouvez pas vous d\u00e9placer, vous \u00eates \u00e0 l&rsquo;\u00e9tranger ou vous avez un emp\u00eachement de derni\u00e8re minute?&#8230; Aujourd&rsquo;hui je viens \u00e0 vous!<\/p>\n","protected":false},"author":1,"featured_media":0,"parent":0,"menu_order":0,"comment_status":"closed","ping_status":"closed","template":"","meta":{"footnotes":""},"_links":{"self":[{"href":"https:\/\/dieteticien-bordeaux.fr\/index.php?rest_route=\/wp\/v2\/pages\/299"}],"collection":[{"href":"https:\/\/dieteticien-bordeaux.fr\/index.php?rest_route=\/wp\/v2\/pages"}],"about":[{"href":"https:\/\/dieteticien-bordeaux.fr\/index.php?rest_route=\/wp\/v2\/types\/page"}],"author":[{"embeddable":true,"href":"https:\/\/dieteticien-bordeaux.fr\/index.php?rest_route=\/wp\/v2\/users\/1"}],"replies":[{"embeddable":true,"href":"https:\/\/dieteticien-bordeaux.fr\/index.php?rest_route=%2Fwp%2Fv2%2Fcomments&post=299"}],"version-history":[{"count":10,"href":"https:\/\/dieteticien-bordeaux.fr\/index.php?rest_route=\/wp\/v2\/pages\/299\/revisions"}],"predecessor-version":[{"id":504,"href":"https:\/\/dieteticien-bordeaux.fr\/index.php?rest_route=\/wp\/v2\/pages\/299\/revisions\/504"}],"wp:attachment":[{"href":"https:\/\/dieteticien-bordeaux.fr\/index.php?rest_route=%2Fwp%2Fv2%2Fmedia&parent=299"}],"curies":[{"name":"wp","href":"https:\/\/api.w.org\/{rel}","templated":true}]}}