{"id":30,"date":"2017-03-13T23:35:22","date_gmt":"2017-03-13T22:35:22","guid":{"rendered":"http:\/\/dieteticien-bordeaux.fr\/?page_id=30"},"modified":"2017-03-13T23:35:22","modified_gmt":"2017-03-13T22:35:22","slug":"geek-celibataire","status":"publish","type":"page","link":"https:\/\/dieteticien-bordeaux.fr\/?page_id=30","title":{"rendered":"\u00ab Geek c\u00e9libataire \u00bb"},"content":{"rendered":"<p style=\"text-align: justify;\">M N. 24 ans 89,2 kg souhaite perdre du poids car son analyse de sang est inqui\u00e9tante.\u00a0Il n\u2019aime pas cuisiner.<\/p>\n<p style=\"text-align: justify;\">Objectifs d\u00e9finis ensemble en septembre 2014 (simple et \u00e9vident en apparence)<br \/>\n&#8211; Manger \u00e9quilibr\u00e9.<\/p>\n<p style=\"text-align: justify;\">Ce qui est le plus compliqu\u00e9 : \u00ab comment y arriver ? \u00bb<br \/>\nAvec M N. nous avons regard\u00e9 ce qu\u2019il pouvait utiliser comme produits alimentaires surgel\u00e9s en partie transform\u00e9s qui pourraient lui convenir.<br \/>\nOui, il est pr\u00e9f\u00e9rable de manger <strong>des produits frais, non cuisin\u00e9s et non transform\u00e9s. M N. n\u2019aime pas cuisiner<\/strong>, j\u2019ai donc choisi de l\u2019aider \u00e0 s\u00e9lectionner les bons produits qui\u00a0lui faciliteront la vie et qui lui permettront de cuisiner sainement et facilement, plut\u00f4t que de\u00a0l\u2019obliger \u00e0 acheter des produits frais qu\u2019il ne cuisinera pas, pour finalement se commander\u00a0une pizza ou un fast-food.<br \/>\nCette option a permis \u00e0 M N. de pr\u00e9parer ses repas simplement et rapidement. Il peut\u00a0manger ce qu\u2019il aime tout en respectant son plan alimentaire.<\/p>\n<p style=\"text-align: justify;\">Apr\u00e8s un suivi r\u00e9gulier pendant 6 mois, M N. a trouv\u00e9 son \u00e9quilibre et termine son suivi \u00e0\u00a075,9 kg avec un bilan sanguin r\u00e9gul\u00e9.<\/p>\n<p style=\"text-align: justify;\"><img loading=\"lazy\" decoding=\"async\" class=\"aligncenter wp-image-18 size-full\" src=\"http:\/\/dieteticien-bordeaux.fr\/wp-content\/uploads\/2017\/03\/Geek.jpg\" alt=\"\" width=\"972\" height=\"340\" srcset=\"https:\/\/dieteticien-bordeaux.fr\/wp-content\/uploads\/2017\/03\/Geek.jpg 972w, https:\/\/dieteticien-bordeaux.fr\/wp-content\/uploads\/2017\/03\/Geek-300x105.jpg 300w, https:\/\/dieteticien-bordeaux.fr\/wp-content\/uploads\/2017\/03\/Geek-768x269.jpg 768w\" sizes=\"(max-width: 972px) 100vw, 972px\" \/><\/p>\n","protected":false},"excerpt":{"rendered":"<p>M N. 24 ans 89,2 kg souhaite perdre du poids car son analyse de sang est inqui\u00e9tante.\u00a0Il n\u2019aime pas cuisiner. Objectifs d\u00e9finis ensemble en septembre 2014 (simple et \u00e9vident en apparence) &#8211; Manger \u00e9quilibr\u00e9. Ce qui est le plus compliqu\u00e9<\/p>\n","protected":false},"author":1,"featured_media":0,"parent":0,"menu_order":0,"comment_status":"closed","ping_status":"closed","template":"","meta":{"footnotes":""},"_links":{"self":[{"href":"https:\/\/dieteticien-bordeaux.fr\/index.php?rest_route=\/wp\/v2\/pages\/30"}],"collection":[{"href":"https:\/\/dieteticien-bordeaux.fr\/index.php?rest_route=\/wp\/v2\/pages"}],"about":[{"href":"https:\/\/dieteticien-bordeaux.fr\/index.php?rest_route=\/wp\/v2\/types\/page"}],"author":[{"embeddable":true,"href":"https:\/\/dieteticien-bordeaux.fr\/index.php?rest_route=\/wp\/v2\/users\/1"}],"replies":[{"embeddable":true,"href":"https:\/\/dieteticien-bordeaux.fr\/index.php?rest_route=%2Fwp%2Fv2%2Fcomments&post=30"}],"version-history":[{"count":1,"href":"https:\/\/dieteticien-bordeaux.fr\/index.php?rest_route=\/wp\/v2\/pages\/30\/revisions"}],"predecessor-version":[{"id":31,"href":"https:\/\/dieteticien-bordeaux.fr\/index.php?rest_route=\/wp\/v2\/pages\/30\/revisions\/31"}],"wp:attachment":[{"href":"https:\/\/dieteticien-bordeaux.fr\/index.php?rest_route=%2Fwp%2Fv2%2Fmedia&parent=30"}],"curies":[{"name":"wp","href":"https:\/\/api.w.org\/{rel}","templated":true}]}}