{"id":32,"date":"2017-03-13T23:35:55","date_gmt":"2017-03-13T22:35:55","guid":{"rendered":"http:\/\/dieteticien-bordeaux.fr\/?page_id=32"},"modified":"2017-03-13T23:36:53","modified_gmt":"2017-03-13T22:36:53","slug":"lenfer-des-tca-anorexieboulimie","status":"publish","type":"page","link":"https:\/\/dieteticien-bordeaux.fr\/?page_id=32","title":{"rendered":"\u00ab L\u2019enfer des TCA Anorexie\/Boulimie \u00bb"},"content":{"rendered":"<p style=\"text-align: justify;\">M.D 23 ans est venu me voir en mai 2016, il souffre d\u2019anorexie mentale et n\u2019a pas trouv\u00e9\u00a0d\u2019autre r\u00e9ponse que \u00ab faites-vous hospitaliser \u00bb.<\/p>\n<p style=\"text-align: justify;\">Il a perdu son p\u00e8re r\u00e9cemment et s\u2019est r\u00e9fugi\u00e9 dans la nourriture, il a pris \u00e9norm\u00e9ment de\u00a0poids en tr\u00e8s peu de temps (poids de forme 60 kg et est mont\u00e9 jusqu\u2019\u00e0 80 kg).<br \/>\nIl s\u2019est fait une carapace et a gard\u00e9 en lui toute sa tristesse et ses peurs.<\/p>\n<p style=\"text-align: justify;\">Lorsqu\u2019il a atteint 80 kg, il est all\u00e9 se renseigner sur internet pour savoir \u00ab comment perdre\u00a0du poids rapidement \u00bb.<br \/>\nInternet est une mine d\u2019or, il a suivi \u00e0 la lettre certaines recommandations et est tomb\u00e9\u00a0dans l\u2019anorexie.<br \/>\nIl en \u00e9tait arriv\u00e9 \u00e0 manger 3 pommes par jour et 48 kg plus tard je le retrouvais face \u00e0 moi,\u00a0me demandant de l\u2019aide.<br \/>\nIl peinait \u00e0 monter les escaliers et \u00e0 rester debout.<\/p>\n<p style=\"text-align: justify;\">M. D veut reprendre du poids, il est conscient de son \u00e9tat mais son pass\u00e9 fait qu\u2019il a tr\u00e8s\u00a0peur de retourner dans l\u2019exc\u00e8s inverse.<\/p>\n<p style=\"text-align: justify;\">Je lui ai donc propos\u00e9 un suivi nutritionnel et un accompagnement avec un autre soignant\u00a0afin que la prise en charge soit compl\u00e8te.<br \/>\nIl a accept\u00e9, je le vois tous les 15 jours et nous arrivons petit \u00e0 petit \u00e0 tendre vers son\u00a0poids de d\u00e9part.<\/p>\n<p style=\"text-align: justify;\">Ce qui est s\u00fbr c\u2019est qu\u2019aujourd\u2019hui <strong>il mange avec plaisir<\/strong>, a repris du poids mais reste\u00a0fragile quant \u00e0 son image.<br \/>\nAu-del\u00e0 du travail de di\u00e9t\u00e9tique il y a \u00e9galement un soutien psychologique qui est\u00a0indispensable lors de ces prises en charge.<\/p>\n<p style=\"text-align: justify;\">Je vous accompagne dans vos d\u00e9marches mais je n\u2019h\u00e9site pas \u00e0 vous envoyer vers mes<br \/>\ncoll\u00e8gues qualifi\u00e9s et sp\u00e9cialis\u00e9s pour cela lorsqu\u2019il y a n\u00e9cessit\u00e9.<\/p>\n<p style=\"text-align: justify;\"><img loading=\"lazy\" decoding=\"async\" class=\"aligncenter wp-image-22 size-full\" src=\"http:\/\/dieteticien-bordeaux.fr\/wp-content\/uploads\/2017\/03\/patient-TCA.jpg\" alt=\"\" width=\"975\" height=\"339\" srcset=\"https:\/\/dieteticien-bordeaux.fr\/wp-content\/uploads\/2017\/03\/patient-TCA.jpg 975w, https:\/\/dieteticien-bordeaux.fr\/wp-content\/uploads\/2017\/03\/patient-TCA-300x104.jpg 300w, https:\/\/dieteticien-bordeaux.fr\/wp-content\/uploads\/2017\/03\/patient-TCA-768x267.jpg 768w\" sizes=\"(max-width: 975px) 100vw, 975px\" \/><\/p>\n","protected":false},"excerpt":{"rendered":"<p>M.D 23 ans est venu me voir en mai 2016, il souffre d\u2019anorexie mentale et n\u2019a pas trouv\u00e9\u00a0d\u2019autre r\u00e9ponse que \u00ab faites-vous hospitaliser \u00bb. Il a perdu son p\u00e8re r\u00e9cemment et s\u2019est r\u00e9fugi\u00e9 dans la nourriture, il a pris \u00e9norm\u00e9ment<\/p>\n","protected":false},"author":1,"featured_media":0,"parent":0,"menu_order":0,"comment_status":"closed","ping_status":"closed","template":"","meta":{"footnotes":""},"_links":{"self":[{"href":"https:\/\/dieteticien-bordeaux.fr\/index.php?rest_route=\/wp\/v2\/pages\/32"}],"collection":[{"href":"https:\/\/dieteticien-bordeaux.fr\/index.php?rest_route=\/wp\/v2\/pages"}],"about":[{"href":"https:\/\/dieteticien-bordeaux.fr\/index.php?rest_route=\/wp\/v2\/types\/page"}],"author":[{"embeddable":true,"href":"https:\/\/dieteticien-bordeaux.fr\/index.php?rest_route=\/wp\/v2\/users\/1"}],"replies":[{"embeddable":true,"href":"https:\/\/dieteticien-bordeaux.fr\/index.php?rest_route=%2Fwp%2Fv2%2Fcomments&post=32"}],"version-history":[{"count":2,"href":"https:\/\/dieteticien-bordeaux.fr\/index.php?rest_route=\/wp\/v2\/pages\/32\/revisions"}],"predecessor-version":[{"id":36,"href":"https:\/\/dieteticien-bordeaux.fr\/index.php?rest_route=\/wp\/v2\/pages\/32\/revisions\/36"}],"wp:attachment":[{"href":"https:\/\/dieteticien-bordeaux.fr\/index.php?rest_route=%2Fwp%2Fv2%2Fmedia&parent=32"}],"curies":[{"name":"wp","href":"https:\/\/api.w.org\/{rel}","templated":true}]}}