{"id":41,"date":"2017-03-13T23:38:21","date_gmt":"2017-03-13T22:38:21","guid":{"rendered":"http:\/\/dieteticien-bordeaux.fr\/?page_id=41"},"modified":"2025-06-02T15:41:30","modified_gmt":"2025-06-02T13:41:30","slug":"bienvenue-sur-le-site-de-sarah-ottonelli","status":"publish","type":"page","link":"https:\/\/dieteticien-bordeaux.fr\/","title":{"rendered":"Bienvenue sur le site de Sarah Ottonelli"},"content":{"rendered":"<h5 style=\"text-align: justify;\"><span style=\"text-decoration: underline; color: #d61152;\">Pourquoi venir me consulter ?<\/span><\/h5>\n<p style=\"text-align: justify;\">Il y a autant de raisons que de patients !<br \/>Vous souhaitez reprendre de bonnes habitudes alimentaires, <strong>prendre ou perdre du poids<\/strong>,\u00a0\u00eatre accompagn\u00e9 par un professionnel de l\u2019alimentation pour ne pas \u00eatre carenc\u00e9 (r\u00e9gime\u00a0<strong>v\u00e9g\u00e9tarien, v\u00e9g\u00e9talien, r\u00e9gimes d&rsquo;exclusions<\/strong>&#8230;), vous travaillez en heures d\u00e9cal\u00e9es ou vous avez besoin de conseils pour un suivi sportif.<br \/>Vous souffrez de <strong>Trouble du Comportement Alimentaire<\/strong> et vous ne savez plus comment faire? Je vous apprends \u00e0 accueillir le \u00ab\u00a0trouble\u00a0\u00bb et vous aide \u00e0 retrouver une vie harmonieuse.<br \/>Vous \u00eates sujets aux <strong>maux de ventres<\/strong>, vous souffrez d\u2019<strong>allergies ou intol\u00e9rances\u00a0alimentaires<\/strong>, de <strong>reflux gastro-\u0153sophagiens<\/strong>.<br \/>Vous \u00eates <strong>enceinte<\/strong>, vous \u00eates atteint de <strong>diab\u00e8te<\/strong>, de <strong>cholest\u00e9rol<\/strong> ou vous changez\u00a0simplement de rythme de vie.<\/p>\n<p style=\"text-align: justify;\">Je suis l\u00e0 pour vous \u00e9couter et vous accompagner dans votre d\u00e9marche.<\/p>\n<p style=\"text-align: justify;\"><em><span style=\"color: #3aaa35;\">Adapter, \u00e9quilibrer, varier et diversifier votre alimentation est la base de mon m\u00e9tier.<\/span><\/em><\/p>\n<h5 style=\"text-align: justify;\"><span style=\"text-decoration: underline;\"><span style=\"color: #d61152; text-decoration: underline;\">Qui vient me consulter ?<\/span><\/span><\/h5>\n<p style=\"text-align: justify;\">Enfants, adolescents, adultes, femmes enceintes et personnes \u00e2g\u00e9es.<\/p>\n<p style=\"text-align: justify;\"><em><span style=\"color: #3aaa35;\">Il n\u2019y a pas d&rsquo;\u00e2ge pour apprendre \u00e0 manger \u00e9quilibr\u00e9!<br \/><\/span><\/em><\/p>\n<h5 style=\"text-align: justify;\"><span style=\"text-decoration: underline; color: #d61152;\">O\u00f9 et comment me consulter ?<\/span><\/h5>\n<p>Prise de rendez-vous en cliquant <span style=\"color: #339966;\"><a style=\"color: #339966;\" href=\"https:\/\/www.madietenligne.fr\/annuaire\/sarah-ottonelli\/reservation\"><strong>madietenligne.fr<\/strong><\/a>\u00a0<\/span><\/p>\n<p><strong>Au Cabinet<\/strong> : 3 Route de Rouen 14940 SANNERVILLE du lundi au vendredi<\/p>\n<p style=\"text-align: justify;\">L&rsquo;accompagnement <strong>en ligne\/ \u00e0 distance<\/strong>, se fait soit par t\u00e9l\u00e9phone ou en visio (<strong>madietenligne, WhatsApp<\/strong>&#8230;)<br \/>Vous choisissez le cr\u00e9neau horaire qui vous convient sur l&rsquo;agenda en ligne: madietenligne.fr.\u00a0<br \/>Tout se d\u00e9roule comme en cabinet mais de l&rsquo;endroit qui vous convient!<br \/>Chez vous, depuis votre bureau, durant vos voyages ou d\u00e9placements professionnels, le suivi est d\u00e9sormais possible o\u00f9 que vous soyez.<\/p>\n<h5 style=\"text-align: justify;\">\u00a0<\/h5>\n<p style=\"text-align: center;\"><span style=\"text-decoration: underline;\"><span style=\"color: #3aaa35;\"><em>Tout rendez-vous non annul\u00e9 48h \u00e0 l&rsquo;avance est factur\u00e9.<\/em> <\/span><\/span><\/p>\n<h5>\u00a0<\/h5>\n\n\n<p><\/p>\n","protected":false},"excerpt":{"rendered":"<p>Pourquoi venir me consulter ? Il y a autant de raisons que de patients !Vous souhaitez reprendre de bonnes habitudes alimentaires, prendre ou perdre du poids,\u00a0\u00eatre accompagn\u00e9 par un professionnel de l\u2019alimentation pour ne pas \u00eatre carenc\u00e9 (r\u00e9gime\u00a0v\u00e9g\u00e9tarien, v\u00e9g\u00e9talien, r\u00e9gimes<\/p>\n","protected":false},"author":1,"featured_media":0,"parent":0,"menu_order":0,"comment_status":"closed","ping_status":"closed","template":"","meta":{"footnotes":""},"_links":{"self":[{"href":"https:\/\/dieteticien-bordeaux.fr\/index.php?rest_route=\/wp\/v2\/pages\/41"}],"collection":[{"href":"https:\/\/dieteticien-bordeaux.fr\/index.php?rest_route=\/wp\/v2\/pages"}],"about":[{"href":"https:\/\/dieteticien-bordeaux.fr\/index.php?rest_route=\/wp\/v2\/types\/page"}],"author":[{"embeddable":true,"href":"https:\/\/dieteticien-bordeaux.fr\/index.php?rest_route=\/wp\/v2\/users\/1"}],"replies":[{"embeddable":true,"href":"https:\/\/dieteticien-bordeaux.fr\/index.php?rest_route=%2Fwp%2Fv2%2Fcomments&post=41"}],"version-history":[{"count":28,"href":"https:\/\/dieteticien-bordeaux.fr\/index.php?rest_route=\/wp\/v2\/pages\/41\/revisions"}],"predecessor-version":[{"id":511,"href":"https:\/\/dieteticien-bordeaux.fr\/index.php?rest_route=\/wp\/v2\/pages\/41\/revisions\/511"}],"wp:attachment":[{"href":"https:\/\/dieteticien-bordeaux.fr\/index.php?rest_route=%2Fwp%2Fv2%2Fmedia&parent=41"}],"curies":[{"name":"wp","href":"https:\/\/api.w.org\/{rel}","templated":true}]}}