{"id":49,"date":"2017-03-13T23:44:32","date_gmt":"2017-03-13T22:44:32","guid":{"rendered":"http:\/\/dieteticien-bordeaux.fr\/?page_id=49"},"modified":"2025-10-14T16:46:22","modified_gmt":"2025-10-14T14:46:22","slug":"coaching-dietetique","status":"publish","type":"page","link":"https:\/\/dieteticien-bordeaux.fr\/?page_id=49","title":{"rendered":"Coaching di\u00e9t\u00e9tique"},"content":{"rendered":"<p>Coaching di\u00e9t\u00e9tique : 5 suivis di\u00e9t\u00e9tiques, 175 euros, \u00e0 raison d&rsquo;une consultation toutes les 2 semaines.<\/p>\n<p style=\"text-align: justify;\">Ce forfait coaching di\u00e9t\u00e9tique est <strong>un suivi rapproch\u00e9<\/strong>. Nous nous rencontrons deux fois par mois\u00a0afin de <span style=\"color: #d61152;\">vous motiver et vous soutenir<\/span> tout au long de cette aventure.<\/p>\n","protected":false},"excerpt":{"rendered":"<p>Coaching di\u00e9t\u00e9tique : 5 suivis di\u00e9t\u00e9tiques, 175 euros, \u00e0 raison d&rsquo;une consultation toutes les 2 semaines. Ce forfait coaching di\u00e9t\u00e9tique est un suivi rapproch\u00e9. Nous nous rencontrons deux fois par mois\u00a0afin de vous motiver et vous soutenir tout au long<\/p>\n","protected":false},"author":1,"featured_media":0,"parent":0,"menu_order":0,"comment_status":"closed","ping_status":"closed","template":"","meta":{"footnotes":""},"_links":{"self":[{"href":"https:\/\/dieteticien-bordeaux.fr\/index.php?rest_route=\/wp\/v2\/pages\/49"}],"collection":[{"href":"https:\/\/dieteticien-bordeaux.fr\/index.php?rest_route=\/wp\/v2\/pages"}],"about":[{"href":"https:\/\/dieteticien-bordeaux.fr\/index.php?rest_route=\/wp\/v2\/types\/page"}],"author":[{"embeddable":true,"href":"https:\/\/dieteticien-bordeaux.fr\/index.php?rest_route=\/wp\/v2\/users\/1"}],"replies":[{"embeddable":true,"href":"https:\/\/dieteticien-bordeaux.fr\/index.php?rest_route=%2Fwp%2Fv2%2Fcomments&post=49"}],"version-history":[{"count":4,"href":"https:\/\/dieteticien-bordeaux.fr\/index.php?rest_route=\/wp\/v2\/pages\/49\/revisions"}],"predecessor-version":[{"id":517,"href":"https:\/\/dieteticien-bordeaux.fr\/index.php?rest_route=\/wp\/v2\/pages\/49\/revisions\/517"}],"wp:attachment":[{"href":"https:\/\/dieteticien-bordeaux.fr\/index.php?rest_route=%2Fwp%2Fv2%2Fmedia&parent=49"}],"curies":[{"name":"wp","href":"https:\/\/api.w.org\/{rel}","templated":true}]}}