{"id":61,"date":"2017-03-13T23:49:29","date_gmt":"2017-03-13T22:49:29","guid":{"rendered":"http:\/\/dieteticien-bordeaux.fr\/?page_id=61"},"modified":"2018-07-24T15:20:24","modified_gmt":"2018-07-24T13:20:24","slug":"mon-approche","status":"publish","type":"page","link":"https:\/\/dieteticien-bordeaux.fr\/?page_id=61","title":{"rendered":"Mon approche"},"content":{"rendered":"<p style=\"text-align: justify;\"><span style=\"color: #3aaa35;\"><em><strong>\u00ab Sant\u00e9, \u00c9coute de son corps, Bien-\u00eatre, plaisir \u00bb<\/strong><\/em><\/span><\/p>\n<p style=\"text-align: justify;\">Mon m\u00e9tier ne consiste pas qu\u2019\u00e0 \u00ab faire maigrir \u00bb cela va beaucoup plus loin.<br \/>\nEn ce qui me concerne, j\u2019accorde une importance toute particuli\u00e8re \u00e0 chacun d\u2019entre vous, <strong>vous \u00eates des personnes uniques<\/strong> !<br \/>\nC\u2019est pour cela que les r\u00e9gimes de magazines ne peuvent pas fonctionner.<br \/>\nInterdits alimentaires, frustration, nombre de calories, substituts de repas ou bien encore les repas minceurs pr\u00e9par\u00e9s et livr\u00e9s chez vous sont des m\u00e9thodes tr\u00e8s all\u00e9chantes qui paraissent simples et fonctionnent dans un premier temps.<br \/>\nOui, vous perdez du poids comme promis, <span style=\"text-decoration: underline;\">mais votre alimentation est d\u00e9s\u00e9quilibr\u00e9e<\/span>, vous n\u2019apprenez ni \u00e0 \u00e9couter les besoins de votre corps ni \u00e0 adapter vos repas \u00e0 votre rythme de vie et j\u2019irai m\u00eame plus loin, vous n\u2019apprenez pas \u00e0 cuisiner intelligemment, \u00e0 vous faire plaisir et \u00e0 faire plaisir aux autres.<br \/>\nEnfin, d\u00e8s que vous mangez de nouveau \u00ab normalement \u00bb vous reprenez le poids que vous aviez perdu voire davantage.<br \/>\nEn ce qui me concerne, je ne prescris pas de r\u00e9gime restrictif. <strong>Tous les aliments sont autoris\u00e9s. C\u2019est pourquoi il n\u2019y a pas de phase de stabilisation.<\/strong><br \/>\n<strong><span style=\"color: #3aaa35;\">Vous adoptez une bonne hygi\u00e8ne de vie et trouvez VOTRE EQUILIBRE.<\/span><\/strong><br \/>\nJe propose une prise en charge :<strong><span style=\"color: #d61152;\"> DIETETIQUE ET COMPORTEMENTALE !<\/span><\/strong><br \/>\nJ\u2019adapte votre alimentation \u00e0 vos besoins, \u00e0 vos go\u00fbts et \u00e0 votre rythme.<br \/>\nVous pouvez continuer \u00e0 sortir, voir vos amis, profiter des bons moments.<br \/>\nVous pouvez<strong> perdre du poids sans avoir faim et en mangeant de vrais repas<\/strong> ! Vous atteignez vos objectifs en apprenant comment \u00e9quilibrer et adapter votre alimentation en fonction de votre rythme de vie.<\/p>\n<p style=\"text-align: justify;\">Ce qui va conditionner<strong><span style=\"color: #3aaa35;\"> la r\u00e9ussite<\/span> <\/strong>d\u2019un accompagnement di\u00e9t\u00e9tique c\u2019est :<br \/>\n<span style=\"color: #3aaa35;\"><strong>L\u2019ADAPTATION DE VOTRE ALIMENTATION A VOS HABITUDES ALIMENTAIRES ET A\u00a0VOTRE RYTHME DE VIE.<\/strong><\/span><\/p>\n","protected":false},"excerpt":{"rendered":"<p>\u00ab Sant\u00e9, \u00c9coute de son corps, Bien-\u00eatre, plaisir \u00bb Mon m\u00e9tier ne consiste pas qu\u2019\u00e0 \u00ab faire maigrir \u00bb cela va beaucoup plus loin. En ce qui me concerne, j\u2019accorde une importance toute particuli\u00e8re \u00e0 chacun d\u2019entre vous, vous \u00eates<\/p>\n","protected":false},"author":1,"featured_media":0,"parent":0,"menu_order":0,"comment_status":"closed","ping_status":"closed","template":"","meta":{"footnotes":""},"_links":{"self":[{"href":"https:\/\/dieteticien-bordeaux.fr\/index.php?rest_route=\/wp\/v2\/pages\/61"}],"collection":[{"href":"https:\/\/dieteticien-bordeaux.fr\/index.php?rest_route=\/wp\/v2\/pages"}],"about":[{"href":"https:\/\/dieteticien-bordeaux.fr\/index.php?rest_route=\/wp\/v2\/types\/page"}],"author":[{"embeddable":true,"href":"https:\/\/dieteticien-bordeaux.fr\/index.php?rest_route=\/wp\/v2\/users\/1"}],"replies":[{"embeddable":true,"href":"https:\/\/dieteticien-bordeaux.fr\/index.php?rest_route=%2Fwp%2Fv2%2Fcomments&post=61"}],"version-history":[{"count":2,"href":"https:\/\/dieteticien-bordeaux.fr\/index.php?rest_route=\/wp\/v2\/pages\/61\/revisions"}],"predecessor-version":[{"id":339,"href":"https:\/\/dieteticien-bordeaux.fr\/index.php?rest_route=\/wp\/v2\/pages\/61\/revisions\/339"}],"wp:attachment":[{"href":"https:\/\/dieteticien-bordeaux.fr\/index.php?rest_route=%2Fwp%2Fv2%2Fmedia&parent=61"}],"curies":[{"name":"wp","href":"https:\/\/api.w.org\/{rel}","templated":true}]}}