{"id":65,"date":"2017-03-13T23:50:43","date_gmt":"2017-03-13T22:50:43","guid":{"rendered":"http:\/\/dieteticien-bordeaux.fr\/?page_id=65"},"modified":"2025-06-02T15:16:28","modified_gmt":"2025-06-02T13:16:28","slug":"presentation-cellu-m6","status":"publish","type":"page","link":"https:\/\/dieteticien-bordeaux.fr\/?page_id=65","title":{"rendered":"Cellu-M6"},"content":{"rendered":"<p><img loading=\"lazy\" decoding=\"async\" class=\"alignnone size-full wp-image-5\" src=\"http:\/\/dieteticien-bordeaux.fr\/wp-content\/uploads\/2017\/03\/cellu-m6.png\" alt=\"\" width=\"591\" height=\"425\" srcset=\"https:\/\/dieteticien-bordeaux.fr\/wp-content\/uploads\/2017\/03\/cellu-m6.png 591w, https:\/\/dieteticien-bordeaux.fr\/wp-content\/uploads\/2017\/03\/cellu-m6-300x216.png 300w\" sizes=\"(max-width: 591px) 100vw, 591px\" \/><\/p>\n<p style=\"text-align: justify;\">Je vous propose des s\u00e9ances de Cellu-M6, ind\u00e9pendamment ou en compl\u00e9ment de votre suivi di\u00e9t\u00e9tique.<\/p>\n<p style=\"text-align: justify;\">Il n\u2019y a pas de m\u00e9thode miracle ! <span style=\"color: #d61152;\"><strong>Le trio gagnant : sport, alimentation et Cellu-M6.<\/strong><\/span><\/p>\n<p style=\"text-align: justify;\">Le sport et l\u2019alimentation vous permettent de trouver un \u00e9quilibre, une bonne hygi\u00e8ne de vie et le Cellu-M6 optimise vos efforts.<\/p>\n<p style=\"text-align: justify;\"><em><strong><span style=\"text-decoration: underline;\">Mais, comment \u00e7a fonctionne ?<\/span><\/strong><\/em><\/p>\n<p style=\"text-align: justify;\">La machine vient stimuler les cellules graisseuses en reproduisant le massage du<span style=\"color: #d61152;\"> palper-rouler<\/span> et activer la circulation sanguine et lymphatique par un syst\u00e8me d\u2019aspiration. <span style=\"color: #d61152;\"><strong>Les massages sont totalement indolores.<\/strong><\/span><\/p>\n<p style=\"text-align: justify;\"><em><strong><span style=\"text-decoration: underline;\">Les r\u00e9sultats ?<\/span><\/strong><\/em><\/p>\n<p style=\"text-align: justify;\">Vous d\u00e9stockez les graisses sur des <strong>zones cibl\u00e9es<\/strong> (ventre, cuisse, hanche, fesses), votre\u00a0peau est plus ferme, plus lisse et vous ressentez une sensation de l\u00e9g\u00e8ret\u00e9.<\/p>\n<p style=\"text-align: justify;\"><span style=\"text-decoration: underline;\"><em><strong>En pratique :<\/strong><\/em><\/span><\/p>\n<p style=\"text-align: justify;\">Lors de la premi\u00e8re s\u00e9ance nous d\u00e9finissons les zones que vous souhaitez affiner. Le\u00a0massage dure 30 min et se d\u00e9roule toujours en 3 phases :<\/p>\n<ul>\n<li>\u00a0<span style=\"color: #d61152;\"><strong>On d\u00e9stocke !<\/strong><\/span><br \/>\nLa machine vient stimuler les cellules graisseuses \u00ab endormies \u00bb,\u00a0ce qui va permettre lors de votre prochaine s\u00e9ance de sport de d\u00e9stocker plus\u00a0rapidement \u00e0 cet endroit pr\u00e9cis. <span style=\"color: #d61152;\">Vous perdez des centim\u00e8tres l\u00e0 o\u00f9 vous voulez !<\/span><\/li>\n<\/ul>\n<ul style=\"text-align: justify;\">\n<li><span style=\"color: #d61152;\"><strong>On lisse !<\/strong><\/span> Vous, pouvez dire au revoir \u00e0 l\u2019aspect peau d\u2019orange.<\/li>\n<\/ul>\n<ul style=\"text-align: justify;\">\n<li><span style=\"color: #d61152;\"><strong>On raffermit !<\/strong><\/span> Vos jambes sont l\u00e9g\u00e8res. La s\u00e9ance est termin\u00e9e.<\/li>\n<\/ul>\n<p style=\"text-align: justify;\">Comptez 45 min le temps de vous changer et de profiter pleinement de votre massage.<\/p>\n<p style=\"text-align: justify;\">Les premiers r\u00e9sultats se manifestent d\u00e8s la 6\u00e8me s\u00e9ance. Pour qu\u2019une cure soit efficace comptez 2 s\u00e9ances de Cellu-M6 par semaine.<\/p>\n<p style=\"text-align: justify;\">Le nombre de s\u00e9ances est fonction de votre morphologie de d\u00e9part et de votre hygi\u00e8ne de\u00a0vie.<\/p>\n","protected":false},"excerpt":{"rendered":"<p>Je vous propose des s\u00e9ances de Cellu-M6, ind\u00e9pendamment ou en compl\u00e9ment de votre suivi di\u00e9t\u00e9tique. Il n\u2019y a pas de m\u00e9thode miracle ! Le trio gagnant : sport, alimentation et Cellu-M6. Le sport et l\u2019alimentation vous permettent de trouver un<\/p>\n","protected":false},"author":1,"featured_media":0,"parent":0,"menu_order":0,"comment_status":"closed","ping_status":"closed","template":"","meta":{"footnotes":""},"_links":{"self":[{"href":"https:\/\/dieteticien-bordeaux.fr\/index.php?rest_route=\/wp\/v2\/pages\/65"}],"collection":[{"href":"https:\/\/dieteticien-bordeaux.fr\/index.php?rest_route=\/wp\/v2\/pages"}],"about":[{"href":"https:\/\/dieteticien-bordeaux.fr\/index.php?rest_route=\/wp\/v2\/types\/page"}],"author":[{"embeddable":true,"href":"https:\/\/dieteticien-bordeaux.fr\/index.php?rest_route=\/wp\/v2\/users\/1"}],"replies":[{"embeddable":true,"href":"https:\/\/dieteticien-bordeaux.fr\/index.php?rest_route=%2Fwp%2Fv2%2Fcomments&post=65"}],"version-history":[{"count":4,"href":"https:\/\/dieteticien-bordeaux.fr\/index.php?rest_route=\/wp\/v2\/pages\/65\/revisions"}],"predecessor-version":[{"id":502,"href":"https:\/\/dieteticien-bordeaux.fr\/index.php?rest_route=\/wp\/v2\/pages\/65\/revisions\/502"}],"wp:attachment":[{"href":"https:\/\/dieteticien-bordeaux.fr\/index.php?rest_route=%2Fwp%2Fv2%2Fmedia&parent=65"}],"curies":[{"name":"wp","href":"https:\/\/api.w.org\/{rel}","templated":true}]}}